{"id":1003,"date":"2024-12-27T11:54:08","date_gmt":"2024-12-27T10:54:08","guid":{"rendered":"https:\/\/railway.mojamacvanka.rs\/tenderi\/"},"modified":"2025-01-04T03:29:23","modified_gmt":"2025-01-04T02:29:23","slug":"tenderi","status":"publish","type":"page","link":"https:\/\/railway.mojamacvanka.rs\/sr\/tenderi\/","title":{"rendered":"Tenderi"},"content":{"rendered":"\r\n    <div class=\"small-hero-section\">\r\n        <div class=\"container\">\r\n            <div class=\"small-hero-section--holder image-left text-left\">\r\n                                    <img decoding=\"async\" src=\"https:\/\/railway.mojamacvanka.rs\/wp-content\/themes\/railway\/src\/images\/eu-stars.png\" alt=\"eu stars\"\r\n                         class=\"small-hero-section--eu-stars\">\r\n                                    <img decoding=\"async\" src=\"https:\/\/railway.mojamacvanka.rs\/wp-content\/uploads\/2024\/12\/Rectangle.png\" alt=\"\"\r\n                         class=\"small-hero-section--img\">\r\n                                    <div class=\"small-hero-section--content\">\r\n                                                    <h1>Tenderi<\/h1>\r\n                                            <\/div>\r\n            <\/div>\r\n        <\/div>\r\n    <\/div>\r\n\r\n\r\n    \r\n\n\n\r\n    <section class=\"tenderi-archive\">\r\n        <div class=\"container\">\r\n            <div class=\"tenderi-archive__tabs\">\r\n                <span class=\"tenderi-archive__tab active\"\r\n                      data-id=\"live\">\r\n\r\n                    Tenderi u toku                <\/span>\r\n                <span class=\"tenderi-archive__tab\"\r\n                      data-id=\"archived\">\r\n\r\n                    Arhiva tendera                <\/span>\r\n                <span class=\"tenderi-archive__tab\"\r\n                      data-id=\"nabavka\">\r\n\r\n                    Plan nabavki                <\/span>\r\n            <\/div>\r\n            <div class=\"tenderi-archive__results\">\r\n                <div class=\"tenderi-archive__result active\"\r\n                     data-id=\"live\">\r\n                    <div class=\"tenderi-archive__result-container\">\r\n                        <h2>Poziv za tendere<\/h2>\n<p>Na ovoj stranici mo\u017eete prona\u0107i sve pozive za tendere, izmene, odluke, poni\u0161tenja i planove nabavki relevantne za \u017eelezni\u010dki Koridor X u Srbiji.<\/p>\n<p>Klikom na tender koji Vas zanima, prona\u0107i \u0107ete detaljnu tendersku dokumentaciju i sve najva\u017enije informacije.<\/p>\n                    <\/div>\r\n\r\n                    \r\n                <\/div>\r\n                <div class=\"tenderi-archive__result\"\r\n                     data-id=\"archived\">\r\n                    <div class=\"tenderi-archive__result-container\">\r\n                        <h2>Arhiva tendera<\/h2>\n<p>Ovde mo\u017eete prona\u0107i sve tendere koji su zavr\u0161eni, sa kompletnom tednerskom dokumentacijom i prate\u0107im aneksima.<\/p>\n                    <\/div>\r\n\r\n                    <div class=\"tender-accordion\">                            <div class=\"accordion-item\">\r\n                                <button class=\"accordion-header\"\r\n                                        data-target=\"#accordion-2024\">\r\n                                    2024                                <\/button>\r\n                                <div id=\"accordion-2024\" class=\"accordion-body\">\r\n                                                                            <div class=\"tender-item\">\r\n                                            <div class=\"tender-item__main-info\">\r\n                                                <h3>Prior Information Notice (PIN): Serbia \u2013 Railway construction works \u2013 Reconstruction and Modernisation of Rail Corridor X: Belgrade \u2013 Ni\u0161 Railway Line&#8230;<\/h3>\r\n                                                <a href=\"https:\/\/railway.mojamacvanka.rs\/sr\/tender\/prior-information-notice-pin-serbia-railway-construction-works-reconstruction-and-modernisation-of-rail-corridor-x-belgrade-nis-railway-line-belgrade-resnik-veli\/\" class=\"btn\">\r\n                                                    View Details\r\n                                                    <svg xmlns=\"http:\/\/www.w3.org\/2000\/svg\" width=\"13\" height=\"13\" viewBox=\"0 0 13 13\" fill=\"none\">\r\n                                                        <path d=\"M1.2942 12.6442L0.25 11.6L10.0904 1.74995H1.14422V0.25H12.6442V11.75H11.1442V2.80378L1.2942 12.6442Z\" fill=\"#224994\"\/>\r\n                                                    <\/svg>\r\n                                                <\/a>\r\n                                            <\/div>\r\n                                            <div class=\"tender-item__dates\">\r\n                                                <div class=\"tender-item__dates-single\">\r\n                                        <span class=\"tender-item__date-title\">\r\n                                            OTVARA SE                                        <\/span>\r\n                                                    <span class=\"tender-item__date-start\">26.01.2024.<\/span>\r\n                                                <\/div>\r\n                                                <div class=\"tender-item__dates-single\">\r\n                                        <span class=\"tender-item__date-title\">\r\n                                            ZATVOREN                                        <\/span>\r\n                                                    <span class=\"tender-item__date-start\">31.12.2024.<\/span>\r\n                                                <\/div>\r\n                                            <\/div>\r\n                                        <\/div>\r\n                                                                    <\/div>\r\n                            <\/div>\r\n                        <\/div>\r\n                <\/div>\r\n                <div class=\"tenderi-archive__result\"\r\n                     data-id=\"nabavka\">\r\n                    <div class=\"tenderi-archive__result-container\">\r\n                        <h2>Plan nabavki<\/h2>\n<p>Odaberite tender za koji ste zainteresovani i saznajte detaljne informacije o\u00a0 Planu nabavki.<\/p>\n                        <div class=\"acf-innerblocks-container\">\n\n<figure class=\"wp-block-table\"><table class=\"has-fixed-layout\"><thead><tr><th>Procurement title<\/th><th>Descritpion of the procurmenet subject<\/th><th>Category<\/th><th>Indicative start date<\/th><th>Contracting authority<\/th><th>Status<\/th><\/tr><\/thead><tbody><tr><td>Design of gauge railway infrastructure<\/td><td>Engineering surveys and Design services (including obtainment of Building Permit) as per Technical Specification<\/td><td>Services<\/td><td>2023 Q4<\/td><td>LTGI<\/td><td>To be announced<\/td><\/tr><tr><td>Ni\u0161 upper track construction installation<\/td><td>Railway track laying works<\/td><td>Works<\/td><td>2023 Q3<\/td><td>LTGI<\/td><td>To be announced<\/td><\/tr><tr><td>Expert consulting services for Railway Corridor X Serbia projects<\/td><td>Expert consulting services<\/td><td>Services<\/td><td>2023 Q2<\/td><td>LTGI<\/td><td>Announced<\/td><\/tr><tr><td>Design of gauge railway infrastructure<\/td><td>Engineering surveys and Design services (including obtainment of Building Permit) as per Technical Specification<\/td><td>Services<\/td><td>2023 Q4<\/td><td>LTGI<\/td><td>To be announced<\/td><\/tr><\/tbody><\/table><\/figure>\n\n<\/div>\r\n                    <\/div>\r\n                <\/div>\r\n            <\/div>\r\n        <\/div>\r\n    <\/section>\r\n\r\n\r\n    <script>\r\n        jQuery(document).ready(function ($) {\r\n            $('#load-more').on('click', function () {\r\n                var button = $(this);\r\n                var page = button.data('page');\r\n                var ajaxurl = 'https:\/\/railway.mojamacvanka.rs\/wp-admin\/admin-ajax.php';\r\n\r\n                $.ajax({\r\n                    url: ajaxurl,\r\n                    type: 'POST',\r\n                    data: {\r\n                        action: 'load_more_tenders',\r\n                        page: page,\r\n                    },\r\n                    beforeSend: function () {\r\n                        button.text('Loading...');\r\n                    },\r\n                    success: function (response) {\r\n                        if (response) {\r\n                            $('#tender-list').append(response);\r\n                            button.data('page', page + 1);\r\n                            button.text('Load More');\r\n                        } else {\r\n                            button.hide();\r\n                        }\r\n                    },\r\n                });\r\n            });\r\n        });\r\n    <\/script>\r\n    \r\n\r\n\n\n\n<p><\/p>\n","protected":false},"excerpt":{"rendered":"","protected":false},"author":1,"featured_media":0,"parent":0,"menu_order":0,"comment_status":"closed","ping_status":"closed","template":"","meta":{"_acf_changed":false,"footnotes":""},"class_list":["post-1003","page","type-page","status-publish","hentry"],"acf":[],"_links":{"self":[{"href":"https:\/\/railway.mojamacvanka.rs\/sr\/wp-json\/wp\/v2\/pages\/1003","targetHints":{"allow":["GET"]}}],"collection":[{"href":"https:\/\/railway.mojamacvanka.rs\/sr\/wp-json\/wp\/v2\/pages"}],"about":[{"href":"https:\/\/railway.mojamacvanka.rs\/sr\/wp-json\/wp\/v2\/types\/page"}],"author":[{"embeddable":true,"href":"https:\/\/railway.mojamacvanka.rs\/sr\/wp-json\/wp\/v2\/users\/1"}],"replies":[{"embeddable":true,"href":"https:\/\/railway.mojamacvanka.rs\/sr\/wp-json\/wp\/v2\/comments?post=1003"}],"version-history":[{"count":2,"href":"https:\/\/railway.mojamacvanka.rs\/sr\/wp-json\/wp\/v2\/pages\/1003\/revisions"}],"predecessor-version":[{"id":1009,"href":"https:\/\/railway.mojamacvanka.rs\/sr\/wp-json\/wp\/v2\/pages\/1003\/revisions\/1009"}],"wp:attachment":[{"href":"https:\/\/railway.mojamacvanka.rs\/sr\/wp-json\/wp\/v2\/media?parent=1003"}],"curies":[{"name":"wp","href":"https:\/\/api.w.org\/{rel}","templated":true}]}}