{"id":1015,"date":"2024-12-16T01:12:23","date_gmt":"2024-12-16T00:12:23","guid":{"rendered":"https:\/\/railway.mojamacvanka.rs\/procena-uticaja-na-zivotnu-sredinu-i-drustvo\/"},"modified":"2025-01-04T03:31:49","modified_gmt":"2025-01-04T02:31:49","slug":"esg","status":"publish","type":"page","link":"https:\/\/railway.mojamacvanka.rs\/en\/esg\/","title":{"rendered":"Environmental and Social Impact Assessment"},"content":{"rendered":"\r\n    <div class=\"small-hero-section\">\r\n        <div class=\"container\">\r\n            <div class=\"small-hero-section--holder image-left text-left\">\r\n                                    <img decoding=\"async\" src=\"https:\/\/railway.mojamacvanka.rs\/wp-content\/themes\/railway\/src\/images\/eu-stars.png\" alt=\"eu stars\"\r\n                         class=\"small-hero-section--eu-stars\">\r\n                                    <img decoding=\"async\" src=\"https:\/\/railway.mojamacvanka.rs\/wp-content\/uploads\/2024\/12\/image-2.png\" alt=\"\"\r\n                         class=\"small-hero-section--img\">\r\n                                    <div class=\"small-hero-section--content\">\r\n                                                    <h1>Procena uticaja na \u017eivotnu sredinu i dru\u0161tvo<\/h1>\r\n                                            <\/div>\r\n            <\/div>\r\n        <\/div>\r\n    <\/div>\r\n\r\n\r\n    \r\n\n\n        <div class=\"page-content-section\">\r\n            <div class=\"container\">\r\n                <div class=\"page-content-section--content\">\r\n                    <h2>Koridor X (Beograd \u2013 Ni\u0161)<br \/>\nProcena uticaja na \u017eivotnu sredinu i dru\u0161tvo<\/h2>\n<p>Ovaj projekat posve\u0107uje zna\u010dajnu pa\u017enju za\u0161titi \u017eivotne sredine i ljudskih prava. Koridor X je moderan sistem brze \u017eeleznice koji povezuje vec\u0301e gradove i lokalne zajednice, prolazec\u0301i kroz neke od najlep\u0161ih predela Srbije.<\/p>\n<p>Prelaskom sa drumskog putni\u010dkog i teretnog saobra\u0107aja na \u017eelezni\u010dki zna\u010dajno se smanjuju emisije \u0161tetnih gasova i unapre\u0111uje povezanost \u0161irom zemlje: gra\u0111ani \u0107e br\u017ee i lak\u0161e putovati, transport robe bi\u0107e olak\u0161an, a zaga\u0111enje smanjeno. Tako\u0111e, va\u017eno je ista\u0107i i da, \u00a0osim \u0161to je u skladu sa zakonima i regulativama Srbije, ovaj projekat ispunjava i evropske ekolo\u0161ke i socijalne standarde, posebno standarde Evropske investicione banke (EIB) i Evropske banke za obnovu i razvoj (EBRD).<\/p>\n<p>Projekat \u017eelezni\u010dkog Koridora X po\u010diva na principima transparentnosti i anga\u017eovanja javnosti. \u00a0Tokom prve faze, koja je trajala od prolec\u0301a 2021. do leta 2022. godine, pripremljena je sveobuhvatna dokumentacija o uticaju na \u017eivotnu sredinu i ljudska prava. Ova dokumenta, koja su svedo\u010danstvo posvec\u0301enosti evropskim ekolo\u0161kim i dru\u0161tvenim standardima, dostupna su i objavljena na sajtovima EIB i EBRD. Projekat Koridor X odobren je za finansiranje tek nakon \u0161to je istekao period objavljivanja dokumentacije, \u0161to jasno govori koliko je zna\u010dajno i va\u017eno mi\u0161ljenje i u\u010de\u0161\u0107e javnosti.<br \/>\nDokumentacija je objavljena na engleskom i srpskom jeziku i mo\u017eete je prona\u0107i OVDE.<br \/>\nTrenutno je u pripremi paket za procenu uticaja na \u017eivotnu sredinu za svaku od deonica Koridora X.<\/p>\n                <\/div>\r\n            <\/div>\r\n        <\/div>\r\n    \r\n\n\n\r\n    <section class=\"useful-links no-divider-lines\">\r\n        <div class=\"container\">\r\n            <div class=\"useful-links__container\">\r\n                                    <h2 class=\"useful-links__title\">\r\n                        Klju\u010dne zainteresovane strane                    <\/h2>\r\n                                                    <div class=\"useful-links__list\">\r\n                                                                                <div class=\"useful-links__item\">\r\n                                                                                                    <a class=\"useful-links__item-cta btn transparent-btn-medium-blue btn-with-icon\"\r\n                                       href=\"https:\/\/www.mgsi.gov.rs\/lat\" target=\"\">\r\n                                        Ministarstvo gra\u0111evinarstva, saobrac\u0301aja i infrastrukture                                        <svg xmlns=\"http:\/\/www.w3.org\/2000\/svg\" width=\"13\" height=\"13\"\r\n                                             viewBox=\"0 0 13 13\"\r\n                                             fill=\"none\">\r\n                                            <path d=\"M1.2942 12.6442L0.25 11.6L10.0904 1.74995H1.14422V0.25H12.6442V11.75H11.1442V2.80378L1.2942 12.6442Z\"\r\n                                                  fill=\"#224994\"\/>\r\n                                        <\/svg>\r\n                                    <\/a>\r\n                                                            <\/div>\r\n                                                                                <div class=\"useful-links__item\">\r\n                                                                                                    <a class=\"useful-links__item-cta btn transparent-btn-medium-blue btn-with-icon\"\r\n                                       href=\"https:\/\/infrazs.rs\/\" target=\"\">\r\n                                        Infrastruktura \u017eeleznice Srbije                                        <svg xmlns=\"http:\/\/www.w3.org\/2000\/svg\" width=\"13\" height=\"13\"\r\n                                             viewBox=\"0 0 13 13\"\r\n                                             fill=\"none\">\r\n                                            <path d=\"M1.2942 12.6442L0.25 11.6L10.0904 1.74995H1.14422V0.25H12.6442V11.75H11.1442V2.80378L1.2942 12.6442Z\"\r\n                                                  fill=\"#224994\"\/>\r\n                                        <\/svg>\r\n                                    <\/a>\r\n                                                            <\/div>\r\n                                                                                <div class=\"useful-links__item\">\r\n                                                                                                    <a class=\"useful-links__item-cta btn transparent-btn-medium-blue btn-with-icon\"\r\n                                       href=\"https:\/\/www.ekologija.gov.rs\/lat\" target=\"\">\r\n                                        Ministarstvo za\u0161tite \u017eivotne sredine                                        <svg xmlns=\"http:\/\/www.w3.org\/2000\/svg\" width=\"13\" height=\"13\"\r\n                                             viewBox=\"0 0 13 13\"\r\n                                             fill=\"none\">\r\n                                            <path d=\"M1.2942 12.6442L0.25 11.6L10.0904 1.74995H1.14422V0.25H12.6442V11.75H11.1442V2.80378L1.2942 12.6442Z\"\r\n                                                  fill=\"#224994\"\/>\r\n                                        <\/svg>\r\n                                    <\/a>\r\n                                                            <\/div>\r\n                                                                                <div class=\"useful-links__item\">\r\n                                                                                                    <a class=\"useful-links__item-cta btn transparent-btn-medium-blue btn-with-icon\"\r\n                                       href=\"https:\/\/www.mei.gov.rs\/srl\/\" target=\"\">\r\n                                        Ministarstvo za evropske integracije                                        <svg xmlns=\"http:\/\/www.w3.org\/2000\/svg\" width=\"13\" height=\"13\"\r\n                                             viewBox=\"0 0 13 13\"\r\n                                             fill=\"none\">\r\n                                            <path d=\"M1.2942 12.6442L0.25 11.6L10.0904 1.74995H1.14422V0.25H12.6442V11.75H11.1442V2.80378L1.2942 12.6442Z\"\r\n                                                  fill=\"#224994\"\/>\r\n                                        <\/svg>\r\n                                    <\/a>\r\n                                                            <\/div>\r\n                                                                                <div class=\"useful-links__item\">\r\n                                                                                                    <a class=\"useful-links__item-cta btn transparent-btn-medium-blue btn-with-icon\"\r\n                                       href=\"https:\/\/www.eeas.europa.eu\/delegations\/serbia_sr?s=227\" target=\"\">\r\n                                        Delegacija Evropske unije u Republici Srbiji                                        <svg xmlns=\"http:\/\/www.w3.org\/2000\/svg\" width=\"13\" height=\"13\"\r\n                                             viewBox=\"0 0 13 13\"\r\n                                             fill=\"none\">\r\n                                            <path d=\"M1.2942 12.6442L0.25 11.6L10.0904 1.74995H1.14422V0.25H12.6442V11.75H11.1442V2.80378L1.2942 12.6442Z\"\r\n                                                  fill=\"#224994\"\/>\r\n                                        <\/svg>\r\n                                    <\/a>\r\n                                                            <\/div>\r\n                                                                                <div class=\"useful-links__item\">\r\n                                                                                                    <a class=\"useful-links__item-cta btn transparent-btn-medium-blue btn-with-icon\"\r\n                                       href=\"https:\/\/www.eib.org\/en\/index\" target=\"\">\r\n                                        Evropska investiciona banka                                        <svg xmlns=\"http:\/\/www.w3.org\/2000\/svg\" width=\"13\" height=\"13\"\r\n                                             viewBox=\"0 0 13 13\"\r\n                                             fill=\"none\">\r\n                                            <path d=\"M1.2942 12.6442L0.25 11.6L10.0904 1.74995H1.14422V0.25H12.6442V11.75H11.1442V2.80378L1.2942 12.6442Z\"\r\n                                                  fill=\"#224994\"\/>\r\n                                        <\/svg>\r\n                                    <\/a>\r\n                                                            <\/div>\r\n                                                                                <div class=\"useful-links__item\">\r\n                                                                                                    <a class=\"useful-links__item-cta btn transparent-btn-medium-blue btn-with-icon\"\r\n                                       href=\"https:\/\/www.ebrd.com\/home\" target=\"\">\r\n                                        Evropska banka za obnovu i razvoj                                        <svg xmlns=\"http:\/\/www.w3.org\/2000\/svg\" width=\"13\" height=\"13\"\r\n                                             viewBox=\"0 0 13 13\"\r\n                                             fill=\"none\">\r\n                                            <path d=\"M1.2942 12.6442L0.25 11.6L10.0904 1.74995H1.14422V0.25H12.6442V11.75H11.1442V2.80378L1.2942 12.6442Z\"\r\n                                                  fill=\"#224994\"\/>\r\n                                        <\/svg>\r\n                                    <\/a>\r\n                                                            <\/div>\r\n                                                                                <div class=\"useful-links__item\">\r\n                                                                                                    <a class=\"useful-links__item-cta btn transparent-btn-medium-blue btn-with-icon\"\r\n                                       href=\"#\" target=\"\">\r\n                                        Lokalne samouprave, gra\u0111ani, kompanije i organizacije civilnog dru\u0161tva                                        <svg xmlns=\"http:\/\/www.w3.org\/2000\/svg\" width=\"13\" height=\"13\"\r\n                                             viewBox=\"0 0 13 13\"\r\n                                             fill=\"none\">\r\n                                            <path d=\"M1.2942 12.6442L0.25 11.6L10.0904 1.74995H1.14422V0.25H12.6442V11.75H11.1442V2.80378L1.2942 12.6442Z\"\r\n                                                  fill=\"#224994\"\/>\r\n                                        <\/svg>\r\n                                    <\/a>\r\n                                                            <\/div>\r\n                                            <\/div>\r\n                            <\/div>\r\n        <\/div>\r\n    <\/section>\r\n\r\n    \r\n\n\n        <div class=\"contact-cta-section\">\r\n            <div class=\"container\">\r\n                <div class=\"contact-cta-section--content\">\r\n                                            <div class=\"contact-cta-section--title\">\r\n                            <h3>Za vi\u0161e informacija, posetitie<\/h3>\r\n                        <\/div>\r\n                                            <div class=\"contact-cta-section--options\">\r\n                                                                <a href=\"https:\/\/eib.org\" target=\"_blank\"\r\n                                       class=\"btn transparent-btn-medium-blue btn-with-icon\">\r\n                                        eib.org                                        <svg xmlns=\"http:\/\/www.w3.org\/2000\/svg\" width=\"14\" height=\"13\"\r\n                                             viewBox=\"0 0 14 13\"\r\n                                             fill=\"none\">\r\n                                            <path d=\"M1.7942 12.6442L0.75 11.6L10.5904 1.74995H1.64422V0.25H13.1442V11.75H11.6442V2.80378L1.7942 12.6442Z\"\r\n                                                  fill=\"#224994\"\/>\r\n                                        <\/svg>\r\n                                    <\/a>\r\n\r\n                                                                                                <a href=\"https:\/\/ebrd.com\" target=\"_blank\"\r\n                                       class=\"btn transparent-btn-medium-blue btn-with-icon\">\r\n                                        ebrd.com                                        <svg xmlns=\"http:\/\/www.w3.org\/2000\/svg\" width=\"14\" height=\"13\"\r\n                                             viewBox=\"0 0 14 13\"\r\n                                             fill=\"none\">\r\n                                            <path d=\"M1.7942 12.6442L0.75 11.6L10.5904 1.74995H1.64422V0.25H13.1442V11.75H11.6442V2.80378L1.7942 12.6442Z\"\r\n                                                  fill=\"#224994\"\/>\r\n                                        <\/svg>\r\n                                    <\/a>\r\n\r\n                                                                                    <\/div>\r\n                                    <\/div>\r\n            <\/div>\r\n        <\/div>\r\n    \r\n","protected":false},"excerpt":{"rendered":"","protected":false},"author":2,"featured_media":528,"parent":0,"menu_order":0,"comment_status":"closed","ping_status":"closed","template":"","meta":{"_acf_changed":false,"footnotes":""},"class_list":["post-1015","page","type-page","status-publish","has-post-thumbnail","hentry"],"acf":[],"_links":{"self":[{"href":"https:\/\/railway.mojamacvanka.rs\/en\/wp-json\/wp\/v2\/pages\/1015","targetHints":{"allow":["GET"]}}],"collection":[{"href":"https:\/\/railway.mojamacvanka.rs\/en\/wp-json\/wp\/v2\/pages"}],"about":[{"href":"https:\/\/railway.mojamacvanka.rs\/en\/wp-json\/wp\/v2\/types\/page"}],"author":[{"embeddable":true,"href":"https:\/\/railway.mojamacvanka.rs\/en\/wp-json\/wp\/v2\/users\/2"}],"replies":[{"embeddable":true,"href":"https:\/\/railway.mojamacvanka.rs\/en\/wp-json\/wp\/v2\/comments?post=1015"}],"version-history":[{"count":1,"href":"https:\/\/railway.mojamacvanka.rs\/en\/wp-json\/wp\/v2\/pages\/1015\/revisions"}],"predecessor-version":[{"id":1017,"href":"https:\/\/railway.mojamacvanka.rs\/en\/wp-json\/wp\/v2\/pages\/1015\/revisions\/1017"}],"wp:featuredmedia":[{"embeddable":true,"href":"https:\/\/railway.mojamacvanka.rs\/en\/wp-json\/wp\/v2\/media\/528"}],"wp:attachment":[{"href":"https:\/\/railway.mojamacvanka.rs\/en\/wp-json\/wp\/v2\/media?parent=1015"}],"curies":[{"name":"wp","href":"https:\/\/api.w.org\/{rel}","templated":true}]}}